{"id":1631,"date":"2024-11-29T14:00:53","date_gmt":"2024-11-29T13:00:53","guid":{"rendered":"https:\/\/beluglass.pl\/blaty-i-stoliki-szklane\/"},"modified":"2024-12-10T10:32:44","modified_gmt":"2024-12-10T09:32:44","slug":"glastischplatten","status":"publish","type":"page","link":"https:\/\/beluglass.pl\/de\/glastischplatten\/","title":{"rendered":"Glastischplatten"},"content":{"rendered":"\n<div class=\"wp-block-columns alignfull has-palette-color-3-background-color has-background is-layout-flex wp-container-core-columns-is-layout-152160c9 wp-block-columns-is-layout-flex\" style=\"padding-top:30px;padding-right:30px;padding-bottom:30px;padding-left:30px\">\n<div class=\"wp-block-column is-layout-flow wp-block-column-is-layout-flow\">\n<h1 class=\"wp-block-heading has-text-align-center\">Glastischplatten<\/h1>\n<\/div>\n<\/div>\n\n\n\n<div class=\"wp-block-columns gr_bkg is-layout-flex wp-container-core-columns-is-layout-782bd0bd wp-block-columns-is-layout-flex\" style=\"padding-top:30px;padding-right:3%;padding-bottom:30px;padding-left:3%\">\n<div class=\"wp-block-column is-layout-flow wp-block-column-is-layout-flow\">\n<div class=\"wp-block-columns is-layout-flex wp-container-core-columns-is-layout-d0b3c9c8 wp-block-columns-is-layout-flex\">\n<div class=\"wp-block-column is-layout-flow wp-block-column-is-layout-flow\">\n<p class=\"tel_\">Preise und Fragen <br><a href=\"tel:48222450080\">+48 22 245 00 80<\/a><\/p>\n<\/div>\n\n\n\n<div class=\"wp-block-column is-layout-flow wp-block-column-is-layout-flow\">\n<p class=\"mail_\">Schreiben Sie uns<br> <a href=\"mailto:biuro@beluglass.pl\">biuro@beluglass.pl<\/a><\/p>\n<\/div>\n\n\n\n<div class=\"wp-block-column is-layout-flow wp-block-column-is-layout-flow\">\n<p class=\"pin_\">Unser Standort<br> ul. Bruzdowa 19a, 02-994 Warszawa<\/p>\n<\/div>\n<\/div>\n<\/div>\n<\/div>\n\n\n\n<div class=\"wp-block-columns is-layout-flex wp-container-core-columns-is-layout-d0b3c9c8 wp-block-columns-is-layout-flex\">\n<div class=\"wp-block-column is-layout-flow wp-block-column-is-layout-flow\">\n<p><strong>Glastischplatten<\/strong><\/p>\n\n\n\n<p>Sie werden aus verschiedenen Glasarten und mit verschiedenen Verzierungen (Sandstrahlen, Grafiken) ausgef\u00fchrt.<\/p>\n\n\n\n<p>Die Kunden k\u00f6nnen ihre Tische selbst\u00e4ndig entwerfen, indem sie die beliebige Grafik, die in die Platte hineinkomponiert wird, w\u00e4hlen.<\/p>\n<\/div>\n<\/div>\n\n\n\n<div class=\"wp-block-columns is-layout-flex wp-container-core-columns-is-layout-d0b3c9c8 wp-block-columns-is-layout-flex\">\n<div class=\"wp-block-column is-layout-flow wp-block-column-is-layout-flow\">\n<figure class=\"wp-block-gallery has-nested-images columns-default is-cropped wp-block-gallery-1 is-layout-flex wp-block-gallery-is-layout-flex\">\n<figure class=\"wp-block-image size-full\"><a href=\"https:\/\/beluglass.pl\/wp-content\/uploads\/2024\/12\/00017-stolik-szklany-belu-glass.jpg\" data-lbwps-width=\"640\" data-lbwps-height=\"427\" data-lbwps-srcsmall=\"https:\/\/beluglass.pl\/wp-content\/uploads\/2024\/12\/00017-stolik-szklany-belu-glass-300x200.jpg\"><img loading=\"lazy\" decoding=\"async\" width=\"640\" height=\"427\" data-id=\"3097\" src=\"https:\/\/beluglass.pl\/wp-content\/uploads\/2024\/12\/00017-stolik-szklany-belu-glass.jpg\" alt=\"\" class=\"wp-image-3097\" srcset=\"https:\/\/beluglass.pl\/wp-content\/uploads\/2024\/12\/00017-stolik-szklany-belu-glass.jpg 640w, https:\/\/beluglass.pl\/wp-content\/uploads\/2024\/12\/00017-stolik-szklany-belu-glass-300x200.jpg 300w\" sizes=\"auto, (max-width: 640px) 100vw, 640px\" \/><\/a><\/figure>\n\n\n\n<figure class=\"wp-block-image size-full\"><a href=\"https:\/\/beluglass.pl\/wp-content\/uploads\/2024\/12\/00010-stolik-szklany-belu-glass.jpg\" data-lbwps-width=\"640\" data-lbwps-height=\"477\" data-lbwps-srcsmall=\"https:\/\/beluglass.pl\/wp-content\/uploads\/2024\/12\/00010-stolik-szklany-belu-glass-300x224.jpg\"><img loading=\"lazy\" decoding=\"async\" width=\"640\" height=\"477\" data-id=\"3070\" src=\"https:\/\/beluglass.pl\/wp-content\/uploads\/2024\/12\/00010-stolik-szklany-belu-glass.jpg\" alt=\"\" class=\"wp-image-3070\" srcset=\"https:\/\/beluglass.pl\/wp-content\/uploads\/2024\/12\/00010-stolik-szklany-belu-glass.jpg 640w, https:\/\/beluglass.pl\/wp-content\/uploads\/2024\/12\/00010-stolik-szklany-belu-glass-300x224.jpg 300w\" sizes=\"auto, (max-width: 640px) 100vw, 640px\" \/><\/a><\/figure>\n<\/figure>\n\n\n\n<p class=\"has-text-align-center\" style=\"font-size:clamp(14.642px, 0.915rem + ((1vw - 3.2px) * 0.575), 22px);\"><em>Wir fertigen Glastische in Warschau, unser T\u00e4tigkeitsgebiet erstreckt sich \u00fcber ganz Polen.<\/em><\/p>\n<\/div>\n<\/div>\n\n\n\n<div class=\"wp-block-columns is-layout-flex wp-container-core-columns-is-layout-d0b3c9c8 wp-block-columns-is-layout-flex\">\n<div class=\"wp-block-column is-layout-flow wp-block-column-is-layout-flow\"><\/div>\n\n\n\n<div class=\"wp-block-column is-layout-flow wp-block-column-is-layout-flow\"><\/div>\n<\/div>\n\n\n\n<div class=\"wp-block-columns gr_bkg is-layout-flex wp-container-core-columns-is-layout-782bd0bd wp-block-columns-is-layout-flex\" style=\"padding-top:30px;padding-right:3%;padding-bottom:30px;padding-left:3%\">\n<div class=\"wp-block-column is-layout-flow wp-block-column-is-layout-flow\">\n<div class=\"wp-block-columns is-layout-flex wp-container-core-columns-is-layout-d0b3c9c8 wp-block-columns-is-layout-flex\">\n<div class=\"wp-block-column is-layout-flow wp-block-column-is-layout-flow\">\n<p class=\"tel_\">Preise und Fragen <br><a href=\"tel:48222450080\">+48 22 245 00 80<\/a><\/p>\n<\/div>\n\n\n\n<div class=\"wp-block-column is-layout-flow wp-block-column-is-layout-flow\">\n<p class=\"mail_\">Schreiben Sie uns<br> <a href=\"mailto:biuro@beluglass.pl\">biuro@beluglass.pl<\/a><\/p>\n<\/div>\n\n\n\n<div class=\"wp-block-column is-layout-flow wp-block-column-is-layout-flow\">\n<p class=\"pin_\">Unser Standort<br> ul. Bruzdowa 19a, 02-994 Warszawa<\/p>\n<\/div>\n<\/div>\n<\/div>\n<\/div>\n\n\n\n<div class=\"wp-block-columns is-layout-flex wp-container-core-columns-is-layout-d0b3c9c8 wp-block-columns-is-layout-flex\">\n<div class=\"wp-block-column is-layout-flow wp-block-column-is-layout-flow\">\n<h2 class=\"wp-block-heading has-text-align-center has-palette-color-1-color has-text-color has-link-color wp-elements-482d1d6840b7dfac892b7e091424201a\" style=\"font-size:clamp(14.642px, 0.915rem + ((1vw - 3.2px) * 0.575), 22px);\">Galerie der Glastische:<\/h2>\n\n\n\n<figure class=\"wp-block-gallery has-nested-images columns-4 is-cropped tw-img-ratio-1-1 wp-block-gallery-2 is-layout-flex wp-block-gallery-is-layout-flex\">\n<figure class=\"wp-block-image size-full\"><img loading=\"lazy\" decoding=\"async\" width=\"640\" height=\"427\" data-id=\"3084\" src=\"https:\/\/beluglass.pl\/wp-content\/uploads\/2024\/12\/00020-stolik-szklany-belu-glass.jpg\" alt=\"\" class=\"wp-image-3084\" srcset=\"https:\/\/beluglass.pl\/wp-content\/uploads\/2024\/12\/00020-stolik-szklany-belu-glass.jpg 640w, https:\/\/beluglass.pl\/wp-content\/uploads\/2024\/12\/00020-stolik-szklany-belu-glass-300x200.jpg 300w\" sizes=\"auto, (max-width: 640px) 100vw, 640px\" \/><\/figure>\n\n\n\n<figure class=\"wp-block-image size-full\"><img loading=\"lazy\" decoding=\"async\" width=\"640\" height=\"427\" data-id=\"3080\" src=\"https:\/\/beluglass.pl\/wp-content\/uploads\/2024\/12\/00021-stolik-szklany-belu-glass.jpg\" alt=\"\" class=\"wp-image-3080\" srcset=\"https:\/\/beluglass.pl\/wp-content\/uploads\/2024\/12\/00021-stolik-szklany-belu-glass.jpg 640w, https:\/\/beluglass.pl\/wp-content\/uploads\/2024\/12\/00021-stolik-szklany-belu-glass-300x200.jpg 300w\" sizes=\"auto, (max-width: 640px) 100vw, 640px\" \/><\/figure>\n\n\n\n<figure class=\"wp-block-image size-full\"><img loading=\"lazy\" decoding=\"async\" width=\"640\" height=\"427\" data-id=\"3098\" src=\"https:\/\/beluglass.pl\/wp-content\/uploads\/2024\/12\/00022-stolik-szklany-belu-glass.jpg\" alt=\"\" class=\"wp-image-3098\" srcset=\"https:\/\/beluglass.pl\/wp-content\/uploads\/2024\/12\/00022-stolik-szklany-belu-glass.jpg 640w, https:\/\/beluglass.pl\/wp-content\/uploads\/2024\/12\/00022-stolik-szklany-belu-glass-300x200.jpg 300w\" sizes=\"auto, (max-width: 640px) 100vw, 640px\" \/><\/figure>\n\n\n\n<figure class=\"wp-block-image size-full\"><img loading=\"lazy\" decoding=\"async\" width=\"640\" height=\"427\" data-id=\"3103\" src=\"https:\/\/beluglass.pl\/wp-content\/uploads\/2024\/12\/00023-stolik-szklany-belu-glass.jpg\" alt=\"\" class=\"wp-image-3103\" srcset=\"https:\/\/beluglass.pl\/wp-content\/uploads\/2024\/12\/00023-stolik-szklany-belu-glass.jpg 640w, https:\/\/beluglass.pl\/wp-content\/uploads\/2024\/12\/00023-stolik-szklany-belu-glass-300x200.jpg 300w\" sizes=\"auto, (max-width: 640px) 100vw, 640px\" \/><\/figure>\n\n\n\n<figure class=\"wp-block-image size-full\"><img loading=\"lazy\" decoding=\"async\" width=\"640\" height=\"427\" data-id=\"3104\" src=\"https:\/\/beluglass.pl\/wp-content\/uploads\/2024\/12\/00024-stolik-szklany-belu-glass.jpg\" alt=\"\" class=\"wp-image-3104\" srcset=\"https:\/\/beluglass.pl\/wp-content\/uploads\/2024\/12\/00024-stolik-szklany-belu-glass.jpg 640w, https:\/\/beluglass.pl\/wp-content\/uploads\/2024\/12\/00024-stolik-szklany-belu-glass-300x200.jpg 300w\" sizes=\"auto, (max-width: 640px) 100vw, 640px\" \/><\/figure>\n\n\n\n<figure class=\"wp-block-image size-full\"><img loading=\"lazy\" decoding=\"async\" width=\"640\" height=\"427\" data-id=\"3109\" src=\"https:\/\/beluglass.pl\/wp-content\/uploads\/2024\/12\/00025-stolik-szklany-belu-glass.jpg\" alt=\"\" class=\"wp-image-3109\" srcset=\"https:\/\/beluglass.pl\/wp-content\/uploads\/2024\/12\/00025-stolik-szklany-belu-glass.jpg 640w, https:\/\/beluglass.pl\/wp-content\/uploads\/2024\/12\/00025-stolik-szklany-belu-glass-300x200.jpg 300w\" sizes=\"auto, (max-width: 640px) 100vw, 640px\" \/><\/figure>\n\n\n\n<figure class=\"wp-block-image size-full\"><img loading=\"lazy\" decoding=\"async\" width=\"640\" height=\"607\" data-id=\"3069\" src=\"https:\/\/beluglass.pl\/wp-content\/uploads\/2024\/12\/00011-stolik-szklany-belu-glass.jpg\" alt=\"\" class=\"wp-image-3069\" srcset=\"https:\/\/beluglass.pl\/wp-content\/uploads\/2024\/12\/00011-stolik-szklany-belu-glass.jpg 640w, https:\/\/beluglass.pl\/wp-content\/uploads\/2024\/12\/00011-stolik-szklany-belu-glass-300x285.jpg 300w\" sizes=\"auto, (max-width: 640px) 100vw, 640px\" \/><\/figure>\n\n\n\n<figure class=\"wp-block-image size-full\"><img loading=\"lazy\" decoding=\"async\" width=\"640\" height=\"480\" data-id=\"3063\" src=\"https:\/\/beluglass.pl\/wp-content\/uploads\/2024\/12\/00005-stolik-szklany-belu-glass.jpg\" alt=\"\" class=\"wp-image-3063\" srcset=\"https:\/\/beluglass.pl\/wp-content\/uploads\/2024\/12\/00005-stolik-szklany-belu-glass.jpg 640w, https:\/\/beluglass.pl\/wp-content\/uploads\/2024\/12\/00005-stolik-szklany-belu-glass-300x225.jpg 300w\" sizes=\"auto, (max-width: 640px) 100vw, 640px\" \/><\/figure>\n\n\n\n<figure class=\"wp-block-image size-full\"><img loading=\"lazy\" decoding=\"async\" width=\"640\" height=\"477\" data-id=\"3070\" src=\"https:\/\/beluglass.pl\/wp-content\/uploads\/2024\/12\/00010-stolik-szklany-belu-glass.jpg\" alt=\"\" class=\"wp-image-3070\" srcset=\"https:\/\/beluglass.pl\/wp-content\/uploads\/2024\/12\/00010-stolik-szklany-belu-glass.jpg 640w, https:\/\/beluglass.pl\/wp-content\/uploads\/2024\/12\/00010-stolik-szklany-belu-glass-300x224.jpg 300w\" sizes=\"auto, (max-width: 640px) 100vw, 640px\" \/><\/figure>\n\n\n\n<figure class=\"wp-block-image size-full\"><img loading=\"lazy\" decoding=\"async\" width=\"640\" height=\"429\" data-id=\"3055\" src=\"https:\/\/beluglass.pl\/wp-content\/uploads\/2024\/12\/00006-stolik-szklany-belu-glass.jpg\" alt=\"\" class=\"wp-image-3055\" srcset=\"https:\/\/beluglass.pl\/wp-content\/uploads\/2024\/12\/00006-stolik-szklany-belu-glass.jpg 640w, https:\/\/beluglass.pl\/wp-content\/uploads\/2024\/12\/00006-stolik-szklany-belu-glass-300x201.jpg 300w\" sizes=\"auto, (max-width: 640px) 100vw, 640px\" \/><\/figure>\n\n\n\n<figure class=\"wp-block-image size-full\"><img loading=\"lazy\" decoding=\"async\" width=\"640\" height=\"429\" data-id=\"3043\" src=\"https:\/\/beluglass.pl\/wp-content\/uploads\/2024\/12\/00007-stolik-szklany-belu-glass.jpg\" alt=\"\" class=\"wp-image-3043\" srcset=\"https:\/\/beluglass.pl\/wp-content\/uploads\/2024\/12\/00007-stolik-szklany-belu-glass.jpg 640w, https:\/\/beluglass.pl\/wp-content\/uploads\/2024\/12\/00007-stolik-szklany-belu-glass-300x201.jpg 300w\" sizes=\"auto, (max-width: 640px) 100vw, 640px\" \/><\/figure>\n\n\n\n<figure class=\"wp-block-image size-full\"><img loading=\"lazy\" decoding=\"async\" width=\"640\" height=\"429\" data-id=\"3048\" src=\"https:\/\/beluglass.pl\/wp-content\/uploads\/2024\/12\/00008-stolik-szklany-belu-glass.jpg\" alt=\"\" class=\"wp-image-3048\" srcset=\"https:\/\/beluglass.pl\/wp-content\/uploads\/2024\/12\/00008-stolik-szklany-belu-glass.jpg 640w, https:\/\/beluglass.pl\/wp-content\/uploads\/2024\/12\/00008-stolik-szklany-belu-glass-300x201.jpg 300w\" sizes=\"auto, (max-width: 640px) 100vw, 640px\" \/><\/figure>\n\n\n\n<figure class=\"wp-block-image size-full\"><img loading=\"lazy\" decoding=\"async\" width=\"640\" height=\"480\" data-id=\"3041\" src=\"https:\/\/beluglass.pl\/wp-content\/uploads\/2024\/12\/00001-stolik-szklany-belu-glass.jpg\" alt=\"\" class=\"wp-image-3041\" srcset=\"https:\/\/beluglass.pl\/wp-content\/uploads\/2024\/12\/00001-stolik-szklany-belu-glass.jpg 640w, https:\/\/beluglass.pl\/wp-content\/uploads\/2024\/12\/00001-stolik-szklany-belu-glass-300x225.jpg 300w\" sizes=\"auto, (max-width: 640px) 100vw, 640px\" \/><\/figure>\n\n\n\n<figure class=\"wp-block-image size-full\"><img loading=\"lazy\" decoding=\"async\" width=\"640\" height=\"480\" data-id=\"3047\" src=\"https:\/\/beluglass.pl\/wp-content\/uploads\/2024\/12\/00002-stolik-szklany-belu-glass.jpg\" alt=\"\" class=\"wp-image-3047\" srcset=\"https:\/\/beluglass.pl\/wp-content\/uploads\/2024\/12\/00002-stolik-szklany-belu-glass.jpg 640w, https:\/\/beluglass.pl\/wp-content\/uploads\/2024\/12\/00002-stolik-szklany-belu-glass-300x225.jpg 300w\" sizes=\"auto, (max-width: 640px) 100vw, 640px\" \/><\/figure>\n\n\n\n<figure class=\"wp-block-image size-full\"><img loading=\"lazy\" decoding=\"async\" width=\"640\" height=\"480\" data-id=\"3039\" src=\"https:\/\/beluglass.pl\/wp-content\/uploads\/2024\/12\/00003-stolik-szklany-belu-glass.jpg\" alt=\"\" class=\"wp-image-3039\" srcset=\"https:\/\/beluglass.pl\/wp-content\/uploads\/2024\/12\/00003-stolik-szklany-belu-glass.jpg 640w, https:\/\/beluglass.pl\/wp-content\/uploads\/2024\/12\/00003-stolik-szklany-belu-glass-300x225.jpg 300w\" sizes=\"auto, (max-width: 640px) 100vw, 640px\" \/><\/figure>\n\n\n\n<figure class=\"wp-block-image size-full\"><img loading=\"lazy\" decoding=\"async\" width=\"640\" height=\"480\" data-id=\"3057\" src=\"https:\/\/beluglass.pl\/wp-content\/uploads\/2024\/12\/00004-stolik-szklany-belu-glass.jpg\" alt=\"\" class=\"wp-image-3057\" srcset=\"https:\/\/beluglass.pl\/wp-content\/uploads\/2024\/12\/00004-stolik-szklany-belu-glass.jpg 640w, https:\/\/beluglass.pl\/wp-content\/uploads\/2024\/12\/00004-stolik-szklany-belu-glass-300x225.jpg 300w\" sizes=\"auto, (max-width: 640px) 100vw, 640px\" \/><\/figure>\n\n\n\n<figure class=\"wp-block-image size-full\"><img loading=\"lazy\" decoding=\"async\" width=\"640\" height=\"483\" data-id=\"3062\" src=\"https:\/\/beluglass.pl\/wp-content\/uploads\/2024\/12\/00009-stolik-szklany-belu-glass.jpg\" alt=\"\" class=\"wp-image-3062\" srcset=\"https:\/\/beluglass.pl\/wp-content\/uploads\/2024\/12\/00009-stolik-szklany-belu-glass.jpg 640w, https:\/\/beluglass.pl\/wp-content\/uploads\/2024\/12\/00009-stolik-szklany-belu-glass-300x226.jpg 300w\" sizes=\"auto, (max-width: 640px) 100vw, 640px\" \/><\/figure>\n\n\n\n<figure class=\"wp-block-image size-full\"><img loading=\"lazy\" decoding=\"async\" width=\"640\" height=\"480\" data-id=\"3088\" src=\"https:\/\/beluglass.pl\/wp-content\/uploads\/2024\/12\/00012-stolik-szklany-belu-glass.jpg\" alt=\"\" class=\"wp-image-3088\" srcset=\"https:\/\/beluglass.pl\/wp-content\/uploads\/2024\/12\/00012-stolik-szklany-belu-glass.jpg 640w, https:\/\/beluglass.pl\/wp-content\/uploads\/2024\/12\/00012-stolik-szklany-belu-glass-300x225.jpg 300w\" sizes=\"auto, (max-width: 640px) 100vw, 640px\" \/><\/figure>\n\n\n\n<figure class=\"wp-block-image size-full\"><img loading=\"lazy\" decoding=\"async\" width=\"480\" height=\"640\" data-id=\"3075\" src=\"https:\/\/beluglass.pl\/wp-content\/uploads\/2024\/12\/00013-stolik-szklany-belu-glass.jpg\" alt=\"\" class=\"wp-image-3075\" srcset=\"https:\/\/beluglass.pl\/wp-content\/uploads\/2024\/12\/00013-stolik-szklany-belu-glass.jpg 480w, https:\/\/beluglass.pl\/wp-content\/uploads\/2024\/12\/00013-stolik-szklany-belu-glass-225x300.jpg 225w\" sizes=\"auto, (max-width: 480px) 100vw, 480px\" \/><\/figure>\n\n\n\n<figure class=\"wp-block-image size-full\"><img loading=\"lazy\" decoding=\"async\" width=\"640\" height=\"480\" data-id=\"3054\" src=\"https:\/\/beluglass.pl\/wp-content\/uploads\/2024\/12\/00014-stolik-szklany-belu-glass.jpg\" alt=\"\" class=\"wp-image-3054\" srcset=\"https:\/\/beluglass.pl\/wp-content\/uploads\/2024\/12\/00014-stolik-szklany-belu-glass.jpg 640w, https:\/\/beluglass.pl\/wp-content\/uploads\/2024\/12\/00014-stolik-szklany-belu-glass-300x225.jpg 300w\" sizes=\"auto, (max-width: 640px) 100vw, 640px\" \/><\/figure>\n\n\n\n<figure class=\"wp-block-image size-full\"><img loading=\"lazy\" decoding=\"async\" width=\"640\" height=\"427\" data-id=\"3092\" src=\"https:\/\/beluglass.pl\/wp-content\/uploads\/2024\/12\/00016-stolik-szklany-belu-glass.jpg\" alt=\"\" class=\"wp-image-3092\" srcset=\"https:\/\/beluglass.pl\/wp-content\/uploads\/2024\/12\/00016-stolik-szklany-belu-glass.jpg 640w, https:\/\/beluglass.pl\/wp-content\/uploads\/2024\/12\/00016-stolik-szklany-belu-glass-300x200.jpg 300w\" sizes=\"auto, (max-width: 640px) 100vw, 640px\" \/><\/figure>\n\n\n\n<figure class=\"wp-block-image size-full\"><img loading=\"lazy\" decoding=\"async\" width=\"640\" height=\"427\" data-id=\"3097\" src=\"https:\/\/beluglass.pl\/wp-content\/uploads\/2024\/12\/00017-stolik-szklany-belu-glass.jpg\" alt=\"\" class=\"wp-image-3097\" srcset=\"https:\/\/beluglass.pl\/wp-content\/uploads\/2024\/12\/00017-stolik-szklany-belu-glass.jpg 640w, https:\/\/beluglass.pl\/wp-content\/uploads\/2024\/12\/00017-stolik-szklany-belu-glass-300x200.jpg 300w\" sizes=\"auto, (max-width: 640px) 100vw, 640px\" \/><\/figure>\n\n\n\n<figure class=\"wp-block-image size-full\"><img loading=\"lazy\" decoding=\"async\" width=\"640\" height=\"427\" data-id=\"3089\" src=\"https:\/\/beluglass.pl\/wp-content\/uploads\/2024\/12\/00018-stolik-szklany-belu-glass.jpg\" alt=\"\" class=\"wp-image-3089\" srcset=\"https:\/\/beluglass.pl\/wp-content\/uploads\/2024\/12\/00018-stolik-szklany-belu-glass.jpg 640w, https:\/\/beluglass.pl\/wp-content\/uploads\/2024\/12\/00018-stolik-szklany-belu-glass-300x200.jpg 300w\" sizes=\"auto, (max-width: 640px) 100vw, 640px\" \/><\/figure>\n\n\n\n<figure class=\"wp-block-image size-full\"><img loading=\"lazy\" decoding=\"async\" width=\"640\" height=\"427\" data-id=\"3078\" src=\"https:\/\/beluglass.pl\/wp-content\/uploads\/2024\/12\/00019-stolik-szklany-belu-glass.jpg\" alt=\"\" class=\"wp-image-3078\" srcset=\"https:\/\/beluglass.pl\/wp-content\/uploads\/2024\/12\/00019-stolik-szklany-belu-glass.jpg 640w, https:\/\/beluglass.pl\/wp-content\/uploads\/2024\/12\/00019-stolik-szklany-belu-glass-300x200.jpg 300w\" sizes=\"auto, (max-width: 640px) 100vw, 640px\" \/><\/figure>\n<\/figure>\n<\/div>\n<\/div>\n","protected":false},"excerpt":{"rendered":"<p>Glastischplatten Glastischplatten Sie werden aus verschiedenen Glasarten und mit verschiedenen Verzierungen (Sandstrahlen, Grafiken) ausgef\u00fchrt. Die Kunden k\u00f6nnen ihre Tische selbst\u00e4ndig entwerfen, indem sie die beliebige Grafik, die in die Platte hineinkomponiert wird, w\u00e4hlen. Wir fertigen Glastische in Warschau, unser T\u00e4tigkeitsgebiet erstreckt sich \u00fcber ganz Polen. Galerie der Glastische:<\/p>\n","protected":false},"author":1,"featured_media":0,"parent":0,"menu_order":0,"comment_status":"closed","ping_status":"closed","template":"","meta":{"footnotes":""},"class_list":["post-1631","page","type-page","status-publish","hentry"],"blocksy_meta":[],"_links":{"self":[{"href":"https:\/\/beluglass.pl\/de\/wp-json\/wp\/v2\/pages\/1631","targetHints":{"allow":["GET"]}}],"collection":[{"href":"https:\/\/beluglass.pl\/de\/wp-json\/wp\/v2\/pages"}],"about":[{"href":"https:\/\/beluglass.pl\/de\/wp-json\/wp\/v2\/types\/page"}],"author":[{"embeddable":true,"href":"https:\/\/beluglass.pl\/de\/wp-json\/wp\/v2\/users\/1"}],"replies":[{"embeddable":true,"href":"https:\/\/beluglass.pl\/de\/wp-json\/wp\/v2\/comments?post=1631"}],"version-history":[{"count":7,"href":"https:\/\/beluglass.pl\/de\/wp-json\/wp\/v2\/pages\/1631\/revisions"}],"predecessor-version":[{"id":3443,"href":"https:\/\/beluglass.pl\/de\/wp-json\/wp\/v2\/pages\/1631\/revisions\/3443"}],"wp:attachment":[{"href":"https:\/\/beluglass.pl\/de\/wp-json\/wp\/v2\/media?parent=1631"}],"curies":[{"name":"wp","href":"https:\/\/api.w.org\/{rel}","templated":true}]}}