{"id":1633,"date":"2024-11-29T14:01:01","date_gmt":"2024-11-29T13:01:01","guid":{"rendered":"https:\/\/beluglass.pl\/daszki-szklane\/"},"modified":"2024-12-09T17:39:16","modified_gmt":"2024-12-09T16:39:16","slug":"glasdaecher","status":"publish","type":"page","link":"https:\/\/beluglass.pl\/de\/glasdaecher\/","title":{"rendered":"Glasd\u00e4cher"},"content":{"rendered":"\n<div class=\"wp-block-columns alignfull has-palette-color-3-background-color has-background is-layout-flex wp-container-core-columns-is-layout-152160c9 wp-block-columns-is-layout-flex\" style=\"padding-top:30px;padding-right:30px;padding-bottom:30px;padding-left:30px\">\n<div class=\"wp-block-column is-layout-flow wp-block-column-is-layout-flow\">\n<h1 class=\"wp-block-heading has-text-align-center\">Glasd\u00e4cher<\/h1>\n<\/div>\n<\/div>\n\n\n\n<div class=\"wp-block-columns gr_bkg is-layout-flex wp-container-core-columns-is-layout-782bd0bd wp-block-columns-is-layout-flex\" style=\"padding-top:30px;padding-right:3%;padding-bottom:30px;padding-left:3%\">\n<div class=\"wp-block-column is-layout-flow wp-block-column-is-layout-flow\">\n<div class=\"wp-block-columns is-layout-flex wp-container-core-columns-is-layout-d0b3c9c8 wp-block-columns-is-layout-flex\">\n<div class=\"wp-block-column is-layout-flow wp-block-column-is-layout-flow\">\n<p class=\"tel_\">Preise und Fragen <br><a href=\"tel:48222450080\">+48 22 245 00 80<\/a><\/p>\n<\/div>\n\n\n\n<div class=\"wp-block-column is-layout-flow wp-block-column-is-layout-flow\">\n<p class=\"mail_\">Schreiben Sie uns<br> <a href=\"mailto:biuro@beluglass.pl\">biuro@beluglass.pl<\/a><\/p>\n<\/div>\n\n\n\n<div class=\"wp-block-column is-layout-flow wp-block-column-is-layout-flow\">\n<p class=\"pin_\">Unser Standort<br> ul. Bruzdowa 19a, 02-994 Warszawa<\/p>\n<\/div>\n<\/div>\n<\/div>\n<\/div>\n\n\n\n<div class=\"wp-block-columns is-layout-flex wp-container-core-columns-is-layout-d0b3c9c8 wp-block-columns-is-layout-flex\">\n<div class=\"wp-block-column is-layout-flow wp-block-column-is-layout-flow\">\n<p><strong>Glasd\u00e4cher<\/strong><\/p>\n\n\n\n<p>Die kleinen D\u00e4cher, die \u00fcber den Eing\u00e4ngen montiert werden, sch\u00fctzen ideal die Eingangszone vor den Umweltfaktoren. Sie werden aus zwei geh\u00e4rteten und miteinander laminierten Glasschichten ausgef\u00fchrt.<\/p>\n<\/div>\n<\/div>\n\n\n\n<div class=\"wp-block-columns is-layout-flex wp-container-core-columns-is-layout-d0b3c9c8 wp-block-columns-is-layout-flex\">\n<div class=\"wp-block-column is-layout-flow wp-block-column-is-layout-flow\">\n<figure class=\"wp-block-gallery has-nested-images columns-default is-cropped wp-block-gallery-1 is-layout-flex wp-block-gallery-is-layout-flex\">\n<figure class=\"wp-block-image size-full\"><a href=\"https:\/\/beluglass.pl\/wp-content\/uploads\/2024\/12\/drzwi_szklane_2-640x480-1.jpg\" data-lbwps-width=\"640\" data-lbwps-height=\"480\" data-lbwps-srcsmall=\"https:\/\/beluglass.pl\/wp-content\/uploads\/2024\/12\/drzwi_szklane_2-640x480-1-300x225.jpg\"><img loading=\"lazy\" decoding=\"async\" width=\"640\" height=\"480\" data-id=\"3113\" src=\"https:\/\/beluglass.pl\/wp-content\/uploads\/2024\/12\/drzwi_szklane_2-640x480-1.jpg\" alt=\"\" class=\"wp-image-3113\" srcset=\"https:\/\/beluglass.pl\/wp-content\/uploads\/2024\/12\/drzwi_szklane_2-640x480-1.jpg 640w, https:\/\/beluglass.pl\/wp-content\/uploads\/2024\/12\/drzwi_szklane_2-640x480-1-300x225.jpg 300w\" sizes=\"auto, (max-width: 640px) 100vw, 640px\" \/><\/a><\/figure>\n\n\n\n<figure class=\"wp-block-image size-full\"><a href=\"https:\/\/beluglass.pl\/wp-content\/uploads\/2024\/12\/drzwi_szklane_3-640x480-1.jpg\" data-lbwps-width=\"640\" data-lbwps-height=\"480\" data-lbwps-srcsmall=\"https:\/\/beluglass.pl\/wp-content\/uploads\/2024\/12\/drzwi_szklane_3-640x480-1-300x225.jpg\"><img loading=\"lazy\" decoding=\"async\" width=\"640\" height=\"480\" data-id=\"3116\" src=\"https:\/\/beluglass.pl\/wp-content\/uploads\/2024\/12\/drzwi_szklane_3-640x480-1.jpg\" alt=\"\" class=\"wp-image-3116\" srcset=\"https:\/\/beluglass.pl\/wp-content\/uploads\/2024\/12\/drzwi_szklane_3-640x480-1.jpg 640w, https:\/\/beluglass.pl\/wp-content\/uploads\/2024\/12\/drzwi_szklane_3-640x480-1-300x225.jpg 300w\" sizes=\"auto, (max-width: 640px) 100vw, 640px\" \/><\/a><\/figure>\n<\/figure>\n\n\n\n<p class=\"has-text-align-center\" style=\"font-size:clamp(14.642px, 0.915rem + ((1vw - 3.2px) * 0.575), 22px);\"><em>Wir fertigen Glasd\u00e4cher in Warschau, unser T\u00e4tigkeitsgebiet erstreckt sich \u00fcber ganz Polen.<\/em><\/p>\n<\/div>\n<\/div>\n\n\n\n<div class=\"wp-block-columns gr_bkg is-layout-flex wp-container-core-columns-is-layout-782bd0bd wp-block-columns-is-layout-flex\" style=\"padding-top:30px;padding-right:3%;padding-bottom:30px;padding-left:3%\">\n<div class=\"wp-block-column is-layout-flow wp-block-column-is-layout-flow\">\n<div class=\"wp-block-columns is-layout-flex wp-container-core-columns-is-layout-d0b3c9c8 wp-block-columns-is-layout-flex\">\n<div class=\"wp-block-column is-layout-flow wp-block-column-is-layout-flow\">\n<p class=\"tel_\">Preise und Fragen <br><a href=\"tel:48222450080\">+48 22 245 00 80<\/a><\/p>\n<\/div>\n\n\n\n<div class=\"wp-block-column is-layout-flow wp-block-column-is-layout-flow\">\n<p class=\"mail_\">Schreiben Sie uns<br> <a href=\"mailto:biuro@beluglass.pl\">biuro@beluglass.pl<\/a><\/p>\n<\/div>\n\n\n\n<div class=\"wp-block-column is-layout-flow wp-block-column-is-layout-flow\">\n<p class=\"pin_\">Unser Standort<br> ul. Bruzdowa 19a, 02-994 Warszawa<\/p>\n<\/div>\n<\/div>\n<\/div>\n<\/div>\n","protected":false},"excerpt":{"rendered":"<p>Glasd\u00e4cher Glasd\u00e4cher Die kleinen D\u00e4cher, die \u00fcber den Eing\u00e4ngen montiert werden, sch\u00fctzen ideal die Eingangszone vor den Umweltfaktoren. Sie werden aus zwei geh\u00e4rteten und miteinander laminierten Glasschichten ausgef\u00fchrt. Wir fertigen Glasd\u00e4cher in Warschau, unser T\u00e4tigkeitsgebiet erstreckt sich \u00fcber ganz Polen.<\/p>\n","protected":false},"author":1,"featured_media":0,"parent":0,"menu_order":0,"comment_status":"closed","ping_status":"closed","template":"","meta":{"footnotes":""},"class_list":["post-1633","page","type-page","status-publish","hentry"],"blocksy_meta":[],"_links":{"self":[{"href":"https:\/\/beluglass.pl\/de\/wp-json\/wp\/v2\/pages\/1633","targetHints":{"allow":["GET"]}}],"collection":[{"href":"https:\/\/beluglass.pl\/de\/wp-json\/wp\/v2\/pages"}],"about":[{"href":"https:\/\/beluglass.pl\/de\/wp-json\/wp\/v2\/types\/page"}],"author":[{"embeddable":true,"href":"https:\/\/beluglass.pl\/de\/wp-json\/wp\/v2\/users\/1"}],"replies":[{"embeddable":true,"href":"https:\/\/beluglass.pl\/de\/wp-json\/wp\/v2\/comments?post=1633"}],"version-history":[{"count":6,"href":"https:\/\/beluglass.pl\/de\/wp-json\/wp\/v2\/pages\/1633\/revisions"}],"predecessor-version":[{"id":3422,"href":"https:\/\/beluglass.pl\/de\/wp-json\/wp\/v2\/pages\/1633\/revisions\/3422"}],"wp:attachment":[{"href":"https:\/\/beluglass.pl\/de\/wp-json\/wp\/v2\/media?parent=1633"}],"curies":[{"name":"wp","href":"https:\/\/api.w.org\/{rel}","templated":true}]}}