{"id":1641,"date":"2024-11-29T14:01:08","date_gmt":"2024-11-29T13:01:08","guid":{"rendered":"https:\/\/beluglass.pl\/lustra\/"},"modified":"2024-12-09T17:43:34","modified_gmt":"2024-12-09T16:43:34","slug":"lustra","status":"publish","type":"page","link":"https:\/\/beluglass.pl\/de\/lustra\/","title":{"rendered":"Spiegel"},"content":{"rendered":"\n<div class=\"wp-block-columns alignfull has-palette-color-3-background-color has-background is-layout-flex wp-container-core-columns-is-layout-152160c9 wp-block-columns-is-layout-flex\" style=\"padding-top:30px;padding-right:30px;padding-bottom:30px;padding-left:30px\">\n<div class=\"wp-block-column is-layout-flow wp-block-column-is-layout-flow\">\n<h1 class=\"wp-block-heading has-text-align-center\">Spiegel<\/h1>\n<\/div>\n<\/div>\n\n\n\n<div class=\"wp-block-columns gr_bkg is-layout-flex wp-container-core-columns-is-layout-782bd0bd wp-block-columns-is-layout-flex\" style=\"padding-top:30px;padding-right:3%;padding-bottom:30px;padding-left:3%\">\n<div class=\"wp-block-column is-layout-flow wp-block-column-is-layout-flow\">\n<div class=\"wp-block-columns is-layout-flex wp-container-core-columns-is-layout-d0b3c9c8 wp-block-columns-is-layout-flex\">\n<div class=\"wp-block-column is-layout-flow wp-block-column-is-layout-flow\">\n<p class=\"tel_\">Preise und Fragen <br><a href=\"tel:48222450080\">+48 22 245 00 80<\/a><\/p>\n<\/div>\n\n\n\n<div class=\"wp-block-column is-layout-flow wp-block-column-is-layout-flow\">\n<p class=\"mail_\">Schreiben Sie uns<br> <a href=\"mailto:biuro@beluglass.pl\">biuro@beluglass.pl<\/a><\/p>\n<\/div>\n\n\n\n<div class=\"wp-block-column is-layout-flow wp-block-column-is-layout-flow\">\n<p class=\"pin_\">Unser Standort<br> ul. Bruzdowa 19a, 02-994 Warszawa<\/p>\n<\/div>\n<\/div>\n<\/div>\n<\/div>\n\n\n\n<div class=\"wp-block-columns is-layout-flex wp-container-core-columns-is-layout-d0b3c9c8 wp-block-columns-is-layout-flex\">\n<div class=\"wp-block-column is-layout-flow wp-block-column-is-layout-flow\">\n<p>Spiegel<\/p>\n\n\n\n<p>Zug\u00e4nglich sind klassische Silberspiegel sowie Spiegel mit Grafit- oder Bronze- oder Gr\u00fcnschattierung. Die Spiegel werden f\u00fcr ein konkretes Ma\u00df ausgef\u00fchrt. Es ist auch m\u00f6glich in ihnen eventuelle \u00d6ffnungen auszuf\u00fchren.<\/p>\n\n\n\n<p>Die Spiegel k\u00f6nnen verschiedene Verzierungen, die durch die Technik des Sandstrahlens ausgef\u00fchrt werden, besitzen. Derartige Verzierungen pr\u00e4sentieren sich ideal nach dem Beleuchten mit LED-Licht.<\/p>\n\n\n\n<p>Wir bieten auch spezielle Spiegelarten wie \u201eEinwegspiegel\u201c und \u201eschwarze Perle\u201c. Das sind teilweise durchsichtige Spiegel, die man h\u00e4rten kann und dadurch aus ihnen z.B. T\u00fcren oder W\u00e4nde ausf\u00fchren.<\/p>\n<\/div>\n<\/div>\n\n\n\n<div class=\"wp-block-columns is-layout-flex wp-container-core-columns-is-layout-d0b3c9c8 wp-block-columns-is-layout-flex\">\n<div class=\"wp-block-column is-layout-flow wp-block-column-is-layout-flow\">\n<figure class=\"wp-block-gallery has-nested-images columns-default is-cropped wp-block-gallery-1 is-layout-flex wp-block-gallery-is-layout-flex\">\n<figure class=\"wp-block-image size-full\"><a href=\"https:\/\/beluglass.pl\/wp-content\/uploads\/2024\/12\/lustra_12-640x425-2.jpg\" data-lbwps-width=\"640\" data-lbwps-height=\"425\" data-lbwps-srcsmall=\"https:\/\/beluglass.pl\/wp-content\/uploads\/2024\/12\/lustra_12-640x425-2-300x199.jpg\"><img loading=\"lazy\" decoding=\"async\" width=\"640\" height=\"425\" data-id=\"3165\" src=\"https:\/\/beluglass.pl\/wp-content\/uploads\/2024\/12\/lustra_12-640x425-2.jpg\" alt=\"\" class=\"wp-image-3165\" srcset=\"https:\/\/beluglass.pl\/wp-content\/uploads\/2024\/12\/lustra_12-640x425-2.jpg 640w, https:\/\/beluglass.pl\/wp-content\/uploads\/2024\/12\/lustra_12-640x425-2-300x199.jpg 300w\" sizes=\"auto, (max-width: 640px) 100vw, 640px\" \/><\/a><\/figure>\n\n\n\n<figure class=\"wp-block-image size-full\"><a href=\"https:\/\/beluglass.pl\/wp-content\/uploads\/2024\/12\/lustra_10-640x425-1.jpg\" data-lbwps-width=\"640\" data-lbwps-height=\"425\" data-lbwps-srcsmall=\"https:\/\/beluglass.pl\/wp-content\/uploads\/2024\/12\/lustra_10-640x425-1-300x199.jpg\"><img loading=\"lazy\" decoding=\"async\" width=\"640\" height=\"425\" data-id=\"3130\" src=\"https:\/\/beluglass.pl\/wp-content\/uploads\/2024\/12\/lustra_10-640x425-1.jpg\" alt=\"\" class=\"wp-image-3130\" srcset=\"https:\/\/beluglass.pl\/wp-content\/uploads\/2024\/12\/lustra_10-640x425-1.jpg 640w, https:\/\/beluglass.pl\/wp-content\/uploads\/2024\/12\/lustra_10-640x425-1-300x199.jpg 300w\" sizes=\"auto, (max-width: 640px) 100vw, 640px\" \/><\/a><\/figure>\n<\/figure>\n\n\n\n<p class=\"has-text-align-center\" style=\"font-size:clamp(14.642px, 0.915rem + ((1vw - 3.2px) * 0.575), 22px);\"><em>Wir fertigen Spiegel in Warschau, unser Wirkungsgebiet erstreckt sich \u00fcber ganz Polen.<\/em><\/p>\n<\/div>\n<\/div>\n\n\n\n<div class=\"wp-block-columns gr_bkg is-layout-flex wp-container-core-columns-is-layout-782bd0bd wp-block-columns-is-layout-flex\" style=\"padding-top:30px;padding-right:3%;padding-bottom:30px;padding-left:3%\">\n<div class=\"wp-block-column is-layout-flow wp-block-column-is-layout-flow\">\n<div class=\"wp-block-columns is-layout-flex wp-container-core-columns-is-layout-d0b3c9c8 wp-block-columns-is-layout-flex\">\n<div class=\"wp-block-column is-layout-flow wp-block-column-is-layout-flow\">\n<p class=\"tel_\">Preise und Fragen <br><a href=\"tel:48222450080\">+48 22 245 00 80<\/a><\/p>\n<\/div>\n\n\n\n<div class=\"wp-block-column is-layout-flow wp-block-column-is-layout-flow\">\n<p class=\"mail_\">Schreiben Sie uns<br> <a href=\"mailto:biuro@beluglass.pl\">biuro@beluglass.pl<\/a><\/p>\n<\/div>\n\n\n\n<div class=\"wp-block-column is-layout-flow wp-block-column-is-layout-flow\">\n<p class=\"pin_\">Unser Standort<br> ul. Bruzdowa 19a, 02-994 Warszawa<\/p>\n<\/div>\n<\/div>\n<\/div>\n<\/div>\n\n\n\n<div class=\"wp-block-columns is-layout-flex wp-container-core-columns-is-layout-d0b3c9c8 wp-block-columns-is-layout-flex\">\n<div class=\"wp-block-column is-layout-flow wp-block-column-is-layout-flow\">\n<h2 class=\"wp-block-heading has-text-align-center has-palette-color-1-color has-text-color has-link-color wp-elements-466715ac61d1bdd75e511c76bed01632\" style=\"font-size:clamp(14.642px, 0.915rem + ((1vw - 3.2px) * 0.575), 22px);\">Spiegelgalerie:<\/h2>\n\n\n\n<figure class=\"wp-block-gallery has-nested-images columns-4 is-cropped tw-img-ratio-1-1 wp-block-gallery-2 is-layout-flex wp-block-gallery-is-layout-flex\">\n<figure class=\"wp-block-image size-full\"><img loading=\"lazy\" decoding=\"async\" width=\"640\" height=\"480\" data-id=\"3121\" src=\"https:\/\/beluglass.pl\/wp-content\/uploads\/2024\/12\/lustra_1-640x480-1.jpg\" alt=\"\" class=\"wp-image-3121\" srcset=\"https:\/\/beluglass.pl\/wp-content\/uploads\/2024\/12\/lustra_1-640x480-1.jpg 640w, https:\/\/beluglass.pl\/wp-content\/uploads\/2024\/12\/lustra_1-640x480-1-300x225.jpg 300w\" sizes=\"auto, (max-width: 640px) 100vw, 640px\" \/><\/figure>\n\n\n\n<figure class=\"wp-block-image size-full\"><img loading=\"lazy\" decoding=\"async\" width=\"480\" height=\"640\" data-id=\"3124\" src=\"https:\/\/beluglass.pl\/wp-content\/uploads\/2024\/12\/lustra_2-480x640-1.jpg\" alt=\"\" class=\"wp-image-3124\" srcset=\"https:\/\/beluglass.pl\/wp-content\/uploads\/2024\/12\/lustra_2-480x640-1.jpg 480w, https:\/\/beluglass.pl\/wp-content\/uploads\/2024\/12\/lustra_2-480x640-1-225x300.jpg 225w\" sizes=\"auto, (max-width: 480px) 100vw, 480px\" \/><\/figure>\n\n\n\n<figure class=\"wp-block-image size-full\"><img loading=\"lazy\" decoding=\"async\" width=\"480\" height=\"640\" data-id=\"3127\" src=\"https:\/\/beluglass.pl\/wp-content\/uploads\/2024\/12\/lustra_3-480x640-1.jpg\" alt=\"\" class=\"wp-image-3127\" srcset=\"https:\/\/beluglass.pl\/wp-content\/uploads\/2024\/12\/lustra_3-480x640-1.jpg 480w, https:\/\/beluglass.pl\/wp-content\/uploads\/2024\/12\/lustra_3-480x640-1-225x300.jpg 225w\" sizes=\"auto, (max-width: 480px) 100vw, 480px\" \/><\/figure>\n\n\n\n<figure class=\"wp-block-image size-full\"><img loading=\"lazy\" decoding=\"async\" width=\"480\" height=\"640\" data-id=\"3128\" src=\"https:\/\/beluglass.pl\/wp-content\/uploads\/2024\/12\/lustra_4-480x640-1.jpg\" alt=\"\" class=\"wp-image-3128\" srcset=\"https:\/\/beluglass.pl\/wp-content\/uploads\/2024\/12\/lustra_4-480x640-1.jpg 480w, https:\/\/beluglass.pl\/wp-content\/uploads\/2024\/12\/lustra_4-480x640-1-225x300.jpg 225w\" sizes=\"auto, (max-width: 480px) 100vw, 480px\" \/><\/figure>\n\n\n\n<figure class=\"wp-block-image size-full\"><img loading=\"lazy\" decoding=\"async\" width=\"640\" height=\"480\" data-id=\"3152\" src=\"https:\/\/beluglass.pl\/wp-content\/uploads\/2024\/12\/lustra_5-640x480-1.jpg\" alt=\"\" class=\"wp-image-3152\" srcset=\"https:\/\/beluglass.pl\/wp-content\/uploads\/2024\/12\/lustra_5-640x480-1.jpg 640w, https:\/\/beluglass.pl\/wp-content\/uploads\/2024\/12\/lustra_5-640x480-1-300x225.jpg 300w\" sizes=\"auto, (max-width: 640px) 100vw, 640px\" \/><\/figure>\n\n\n\n<figure class=\"wp-block-image size-full\"><img loading=\"lazy\" decoding=\"async\" width=\"480\" height=\"640\" data-id=\"3138\" src=\"https:\/\/beluglass.pl\/wp-content\/uploads\/2024\/12\/lustra_6-480x640-1.jpg\" alt=\"\" class=\"wp-image-3138\" srcset=\"https:\/\/beluglass.pl\/wp-content\/uploads\/2024\/12\/lustra_6-480x640-1.jpg 480w, https:\/\/beluglass.pl\/wp-content\/uploads\/2024\/12\/lustra_6-480x640-1-225x300.jpg 225w\" sizes=\"auto, (max-width: 480px) 100vw, 480px\" \/><\/figure>\n\n\n\n<figure class=\"wp-block-image size-full\"><img loading=\"lazy\" decoding=\"async\" width=\"429\" height=\"640\" data-id=\"3143\" src=\"https:\/\/beluglass.pl\/wp-content\/uploads\/2024\/12\/lustra_7-429x640-1.jpg\" alt=\"\" class=\"wp-image-3143\" srcset=\"https:\/\/beluglass.pl\/wp-content\/uploads\/2024\/12\/lustra_7-429x640-1.jpg 429w, https:\/\/beluglass.pl\/wp-content\/uploads\/2024\/12\/lustra_7-429x640-1-201x300.jpg 201w\" sizes=\"auto, (max-width: 429px) 100vw, 429px\" \/><\/figure>\n\n\n\n<figure class=\"wp-block-image size-full\"><img loading=\"lazy\" decoding=\"async\" width=\"640\" height=\"480\" data-id=\"3136\" src=\"https:\/\/beluglass.pl\/wp-content\/uploads\/2024\/12\/lustra_8-640x480-1.jpg\" alt=\"\" class=\"wp-image-3136\" srcset=\"https:\/\/beluglass.pl\/wp-content\/uploads\/2024\/12\/lustra_8-640x480-1.jpg 640w, https:\/\/beluglass.pl\/wp-content\/uploads\/2024\/12\/lustra_8-640x480-1-300x225.jpg 300w\" sizes=\"auto, (max-width: 640px) 100vw, 640px\" \/><\/figure>\n\n\n\n<figure class=\"wp-block-image size-full\"><img loading=\"lazy\" decoding=\"async\" width=\"640\" height=\"507\" data-id=\"3154\" src=\"https:\/\/beluglass.pl\/wp-content\/uploads\/2024\/12\/lustra_9-640x507-1.jpg\" alt=\"\" class=\"wp-image-3154\" srcset=\"https:\/\/beluglass.pl\/wp-content\/uploads\/2024\/12\/lustra_9-640x507-1.jpg 640w, https:\/\/beluglass.pl\/wp-content\/uploads\/2024\/12\/lustra_9-640x507-1-300x238.jpg 300w\" sizes=\"auto, (max-width: 640px) 100vw, 640px\" \/><\/figure>\n\n\n\n<figure class=\"wp-block-image size-full\"><img loading=\"lazy\" decoding=\"async\" width=\"640\" height=\"425\" data-id=\"3130\" src=\"https:\/\/beluglass.pl\/wp-content\/uploads\/2024\/12\/lustra_10-640x425-1.jpg\" alt=\"\" class=\"wp-image-3130\" srcset=\"https:\/\/beluglass.pl\/wp-content\/uploads\/2024\/12\/lustra_10-640x425-1.jpg 640w, https:\/\/beluglass.pl\/wp-content\/uploads\/2024\/12\/lustra_10-640x425-1-300x199.jpg 300w\" sizes=\"auto, (max-width: 640px) 100vw, 640px\" \/><\/figure>\n\n\n\n<figure class=\"wp-block-image size-full\"><img loading=\"lazy\" decoding=\"async\" width=\"427\" height=\"640\" data-id=\"3140\" src=\"https:\/\/beluglass.pl\/wp-content\/uploads\/2024\/12\/lustra_11-427x640-1.jpg\" alt=\"\" class=\"wp-image-3140\" srcset=\"https:\/\/beluglass.pl\/wp-content\/uploads\/2024\/12\/lustra_11-427x640-1.jpg 427w, https:\/\/beluglass.pl\/wp-content\/uploads\/2024\/12\/lustra_11-427x640-1-200x300.jpg 200w\" sizes=\"auto, (max-width: 427px) 100vw, 427px\" \/><\/figure>\n\n\n\n<figure class=\"wp-block-image size-full\"><img loading=\"lazy\" decoding=\"async\" width=\"640\" height=\"491\" data-id=\"3149\" src=\"https:\/\/beluglass.pl\/wp-content\/uploads\/2024\/12\/lustra_13-640x491-1.jpg\" alt=\"\" class=\"wp-image-3149\" srcset=\"https:\/\/beluglass.pl\/wp-content\/uploads\/2024\/12\/lustra_13-640x491-1.jpg 640w, https:\/\/beluglass.pl\/wp-content\/uploads\/2024\/12\/lustra_13-640x491-1-300x230.jpg 300w\" sizes=\"auto, (max-width: 640px) 100vw, 640px\" \/><\/figure>\n\n\n\n<figure class=\"wp-block-image size-full\"><img loading=\"lazy\" decoding=\"async\" width=\"435\" height=\"640\" data-id=\"3153\" src=\"https:\/\/beluglass.pl\/wp-content\/uploads\/2024\/12\/lustra_14-435x640-1.jpg\" alt=\"\" class=\"wp-image-3153\" srcset=\"https:\/\/beluglass.pl\/wp-content\/uploads\/2024\/12\/lustra_14-435x640-1.jpg 435w, https:\/\/beluglass.pl\/wp-content\/uploads\/2024\/12\/lustra_14-435x640-1-204x300.jpg 204w\" sizes=\"auto, (max-width: 435px) 100vw, 435px\" \/><\/figure>\n\n\n\n<figure class=\"wp-block-image size-full\"><img loading=\"lazy\" decoding=\"async\" width=\"640\" height=\"425\" data-id=\"3165\" src=\"https:\/\/beluglass.pl\/wp-content\/uploads\/2024\/12\/lustra_12-640x425-2.jpg\" alt=\"\" class=\"wp-image-3165\" srcset=\"https:\/\/beluglass.pl\/wp-content\/uploads\/2024\/12\/lustra_12-640x425-2.jpg 640w, https:\/\/beluglass.pl\/wp-content\/uploads\/2024\/12\/lustra_12-640x425-2-300x199.jpg 300w\" sizes=\"auto, (max-width: 640px) 100vw, 640px\" \/><\/figure>\n\n\n\n<figure class=\"wp-block-image size-full\"><img loading=\"lazy\" decoding=\"async\" width=\"532\" height=\"640\" data-id=\"3157\" src=\"https:\/\/beluglass.pl\/wp-content\/uploads\/2024\/12\/lustra_15-532x640-1.jpg\" alt=\"\" class=\"wp-image-3157\" srcset=\"https:\/\/beluglass.pl\/wp-content\/uploads\/2024\/12\/lustra_15-532x640-1.jpg 532w, https:\/\/beluglass.pl\/wp-content\/uploads\/2024\/12\/lustra_15-532x640-1-249x300.jpg 249w\" sizes=\"auto, (max-width: 532px) 100vw, 532px\" \/><\/figure>\n<\/figure>\n<\/div>\n<\/div>\n","protected":false},"excerpt":{"rendered":"<p>Spiegel Spiegel Zug\u00e4nglich sind klassische Silberspiegel sowie Spiegel mit Grafit- oder Bronze- oder Gr\u00fcnschattierung. Die Spiegel werden f\u00fcr ein konkretes Ma\u00df ausgef\u00fchrt. Es ist auch m\u00f6glich in ihnen eventuelle \u00d6ffnungen auszuf\u00fchren. Die Spiegel k\u00f6nnen verschiedene Verzierungen, die durch die Technik des Sandstrahlens ausgef\u00fchrt werden, besitzen. Derartige Verzierungen pr\u00e4sentieren sich ideal nach dem Beleuchten mit LED-Licht. [&hellip;]<\/p>\n","protected":false},"author":1,"featured_media":0,"parent":0,"menu_order":0,"comment_status":"closed","ping_status":"closed","template":"","meta":{"footnotes":""},"class_list":["post-1641","page","type-page","status-publish","hentry"],"blocksy_meta":[],"_links":{"self":[{"href":"https:\/\/beluglass.pl\/de\/wp-json\/wp\/v2\/pages\/1641","targetHints":{"allow":["GET"]}}],"collection":[{"href":"https:\/\/beluglass.pl\/de\/wp-json\/wp\/v2\/pages"}],"about":[{"href":"https:\/\/beluglass.pl\/de\/wp-json\/wp\/v2\/types\/page"}],"author":[{"embeddable":true,"href":"https:\/\/beluglass.pl\/de\/wp-json\/wp\/v2\/users\/1"}],"replies":[{"embeddable":true,"href":"https:\/\/beluglass.pl\/de\/wp-json\/wp\/v2\/comments?post=1641"}],"version-history":[{"count":6,"href":"https:\/\/beluglass.pl\/de\/wp-json\/wp\/v2\/pages\/1641\/revisions"}],"predecessor-version":[{"id":3431,"href":"https:\/\/beluglass.pl\/de\/wp-json\/wp\/v2\/pages\/1641\/revisions\/3431"}],"wp:attachment":[{"href":"https:\/\/beluglass.pl\/de\/wp-json\/wp\/v2\/media?parent=1641"}],"curies":[{"name":"wp","href":"https:\/\/api.w.org\/{rel}","templated":true}]}}