{"id":1647,"date":"2024-11-29T14:01:17","date_gmt":"2024-11-29T13:01:17","guid":{"rendered":"https:\/\/beluglass.pl\/oslony-grzejnikow\/"},"modified":"2024-12-10T10:16:30","modified_gmt":"2024-12-10T09:16:30","slug":"heizkoerperverkleidungen","status":"publish","type":"page","link":"https:\/\/beluglass.pl\/de\/heizkoerperverkleidungen\/","title":{"rendered":"Heizk\u00f6rperverkleidungen"},"content":{"rendered":"\n<div class=\"wp-block-columns alignfull has-palette-color-3-background-color has-background is-layout-flex wp-container-core-columns-is-layout-152160c9 wp-block-columns-is-layout-flex\" style=\"padding-top:30px;padding-right:30px;padding-bottom:30px;padding-left:30px\">\n<div class=\"wp-block-column is-layout-flow wp-block-column-is-layout-flow\">\n<h1 class=\"wp-block-heading has-text-align-center\">Heizk\u00f6rperverkleidungen<\/h1>\n<\/div>\n<\/div>\n\n\n\n<div class=\"wp-block-columns gr_bkg is-layout-flex wp-container-core-columns-is-layout-782bd0bd wp-block-columns-is-layout-flex\" style=\"padding-top:30px;padding-right:3%;padding-bottom:30px;padding-left:3%\">\n<div class=\"wp-block-column is-layout-flow wp-block-column-is-layout-flow\">\n<div class=\"wp-block-columns is-layout-flex wp-container-core-columns-is-layout-d0b3c9c8 wp-block-columns-is-layout-flex\">\n<div class=\"wp-block-column is-layout-flow wp-block-column-is-layout-flow\">\n<p class=\"tel_\">Preise und Fragen <br><a href=\"tel:48222450080\">+48 22 245 00 80<\/a><\/p>\n<\/div>\n\n\n\n<div class=\"wp-block-column is-layout-flow wp-block-column-is-layout-flow\">\n<p class=\"mail_\">Schreiben Sie uns<br> <a href=\"mailto:biuro@beluglass.pl\">biuro@beluglass.pl<\/a><\/p>\n<\/div>\n\n\n\n<div class=\"wp-block-column is-layout-flow wp-block-column-is-layout-flow\">\n<p class=\"pin_\">Unser Standort<br> ul. Bruzdowa 19a, 02-994 Warszawa<\/p>\n<\/div>\n<\/div>\n<\/div>\n<\/div>\n\n\n\n<div class=\"wp-block-columns is-layout-flex wp-container-core-columns-is-layout-d0b3c9c8 wp-block-columns-is-layout-flex\">\n<div class=\"wp-block-column is-layout-flow wp-block-column-is-layout-flow\">\n<p>Heizk\u00f6rperverkleidungen<\/p>\n\n\n\n<p>Die Schirme k\u00f6nnen als eine einfache mechanische Abtrennung des Heizk\u00f6rpers ausgef\u00fchrt werden, d.h. aus einem einzelnen durchsichtigen Glas oder als ein gl\u00e4sernes dekoratives Element mit laminierter beliebiger Grafik.<\/p>\n<\/div>\n<\/div>\n\n\n\n<div class=\"wp-block-columns is-layout-flex wp-container-core-columns-is-layout-d0b3c9c8 wp-block-columns-is-layout-flex\">\n<div class=\"wp-block-column is-layout-flow wp-block-column-is-layout-flow\">\n<figure class=\"wp-block-gallery has-nested-images columns-default is-cropped wp-block-gallery-1 is-layout-flex wp-block-gallery-is-layout-flex\">\n<figure class=\"wp-block-image size-full\"><a href=\"https:\/\/beluglass.pl\/wp-content\/uploads\/2024\/12\/oslony_grzejnikow_2-640x452-1.jpg\" data-lbwps-width=\"640\" data-lbwps-height=\"452\" data-lbwps-srcsmall=\"https:\/\/beluglass.pl\/wp-content\/uploads\/2024\/12\/oslony_grzejnikow_2-640x452-1-300x212.jpg\"><img loading=\"lazy\" decoding=\"async\" width=\"640\" height=\"452\" data-id=\"3169\" src=\"https:\/\/beluglass.pl\/wp-content\/uploads\/2024\/12\/oslony_grzejnikow_2-640x452-1.jpg\" alt=\"\" class=\"wp-image-3169\" srcset=\"https:\/\/beluglass.pl\/wp-content\/uploads\/2024\/12\/oslony_grzejnikow_2-640x452-1.jpg 640w, https:\/\/beluglass.pl\/wp-content\/uploads\/2024\/12\/oslony_grzejnikow_2-640x452-1-300x212.jpg 300w\" sizes=\"auto, (max-width: 640px) 100vw, 640px\" \/><\/a><\/figure>\n\n\n\n<figure class=\"wp-block-image size-full\"><img loading=\"lazy\" decoding=\"async\" width=\"640\" height=\"426\" data-id=\"3172\" src=\"https:\/\/beluglass.pl\/wp-content\/uploads\/2024\/12\/oslony_grzejnikow_1-640x426-1.jpg\" alt=\"\" class=\"wp-image-3172\" srcset=\"https:\/\/beluglass.pl\/wp-content\/uploads\/2024\/12\/oslony_grzejnikow_1-640x426-1.jpg 640w, https:\/\/beluglass.pl\/wp-content\/uploads\/2024\/12\/oslony_grzejnikow_1-640x426-1-300x200.jpg 300w\" sizes=\"auto, (max-width: 640px) 100vw, 640px\" \/><\/figure>\n<\/figure>\n\n\n\n<p class=\"has-text-align-center\" style=\"font-size:clamp(14.642px, 0.915rem + ((1vw - 3.2px) * 0.575), 22px);\"><em>Wir fertigen Glasheizk\u00f6rperabdeckungen in Warschau, unser T\u00e4tigkeitsgebiet erstreckt sich \u00fcber ganz Polen.<\/em><\/p>\n<\/div>\n<\/div>\n\n\n\n<div class=\"wp-block-columns gr_bkg is-layout-flex wp-container-core-columns-is-layout-782bd0bd wp-block-columns-is-layout-flex\" style=\"padding-top:30px;padding-right:3%;padding-bottom:30px;padding-left:3%\">\n<div class=\"wp-block-column is-layout-flow wp-block-column-is-layout-flow\">\n<div class=\"wp-block-columns is-layout-flex wp-container-core-columns-is-layout-d0b3c9c8 wp-block-columns-is-layout-flex\">\n<div class=\"wp-block-column is-layout-flow wp-block-column-is-layout-flow\">\n<p class=\"tel_\">Preise und Fragen <br><a href=\"tel:48222450080\">+48 22 245 00 80<\/a><\/p>\n<\/div>\n\n\n\n<div class=\"wp-block-column is-layout-flow wp-block-column-is-layout-flow\">\n<p class=\"mail_\">Schreiben Sie uns<br> <a href=\"mailto:biuro@beluglass.pl\">biuro@beluglass.pl<\/a><\/p>\n<\/div>\n\n\n\n<div class=\"wp-block-column is-layout-flow wp-block-column-is-layout-flow\">\n<p class=\"pin_\">Unser Standort<br> ul. Bruzdowa 19a, 02-994 Warszawa<\/p>\n<\/div>\n<\/div>\n<\/div>\n<\/div>\n","protected":false},"excerpt":{"rendered":"<p>Heizk\u00f6rperverkleidungen Heizk\u00f6rperverkleidungen Die Schirme k\u00f6nnen als eine einfache mechanische Abtrennung des Heizk\u00f6rpers ausgef\u00fchrt werden, d.h. aus einem einzelnen durchsichtigen Glas oder als ein gl\u00e4sernes dekoratives Element mit laminierter beliebiger Grafik. Wir fertigen Glasheizk\u00f6rperabdeckungen in Warschau, unser T\u00e4tigkeitsgebiet erstreckt sich \u00fcber ganz Polen.<\/p>\n","protected":false},"author":1,"featured_media":0,"parent":0,"menu_order":0,"comment_status":"closed","ping_status":"closed","template":"","meta":{"footnotes":""},"class_list":["post-1647","page","type-page","status-publish","hentry"],"blocksy_meta":[],"_links":{"self":[{"href":"https:\/\/beluglass.pl\/de\/wp-json\/wp\/v2\/pages\/1647","targetHints":{"allow":["GET"]}}],"collection":[{"href":"https:\/\/beluglass.pl\/de\/wp-json\/wp\/v2\/pages"}],"about":[{"href":"https:\/\/beluglass.pl\/de\/wp-json\/wp\/v2\/types\/page"}],"author":[{"embeddable":true,"href":"https:\/\/beluglass.pl\/de\/wp-json\/wp\/v2\/users\/1"}],"replies":[{"embeddable":true,"href":"https:\/\/beluglass.pl\/de\/wp-json\/wp\/v2\/comments?post=1647"}],"version-history":[{"count":6,"href":"https:\/\/beluglass.pl\/de\/wp-json\/wp\/v2\/pages\/1647\/revisions"}],"predecessor-version":[{"id":3435,"href":"https:\/\/beluglass.pl\/de\/wp-json\/wp\/v2\/pages\/1647\/revisions\/3435"}],"wp:attachment":[{"href":"https:\/\/beluglass.pl\/de\/wp-json\/wp\/v2\/media?parent=1647"}],"curies":[{"name":"wp","href":"https:\/\/api.w.org\/{rel}","templated":true}]}}