{"id":1651,"date":"2024-11-29T14:00:23","date_gmt":"2024-11-29T13:00:23","guid":{"rendered":"https:\/\/beluglass.pl\/podlogi-szklane\/"},"modified":"2024-12-09T17:24:48","modified_gmt":"2024-12-09T16:24:48","slug":"glasboden","status":"publish","type":"page","link":"https:\/\/beluglass.pl\/de\/glasboden\/","title":{"rendered":"Glasboden"},"content":{"rendered":"\n<div class=\"wp-block-columns alignfull has-palette-color-3-background-color has-background is-layout-flex wp-container-core-columns-is-layout-152160c9 wp-block-columns-is-layout-flex\" style=\"padding-top:30px;padding-right:30px;padding-bottom:30px;padding-left:30px\">\n<div class=\"wp-block-column is-layout-flow wp-block-column-is-layout-flow\">\n<h1 class=\"wp-block-heading has-text-align-center\">Glasboden<\/h1>\n<\/div>\n<\/div>\n\n\n\n<div class=\"wp-block-columns gr_bkg is-layout-flex wp-container-core-columns-is-layout-782bd0bd wp-block-columns-is-layout-flex\" style=\"padding-top:30px;padding-right:3%;padding-bottom:30px;padding-left:3%\">\n<div class=\"wp-block-column is-layout-flow wp-block-column-is-layout-flow\">\n<div class=\"wp-block-columns is-layout-flex wp-container-core-columns-is-layout-d0b3c9c8 wp-block-columns-is-layout-flex\">\n<div class=\"wp-block-column is-layout-flow wp-block-column-is-layout-flow\">\n<p class=\"tel_\">Preise und Fragen <br><a href=\"tel:48222450080\">+48 22 245 00 80<\/a><\/p>\n<\/div>\n\n\n\n<div class=\"wp-block-column is-layout-flow wp-block-column-is-layout-flow\">\n<p class=\"mail_\">Schreiben Sie uns<br> <a href=\"mailto:biuro@beluglass.pl\">biuro@beluglass.pl<\/a><\/p>\n<\/div>\n\n\n\n<div class=\"wp-block-column is-layout-flow wp-block-column-is-layout-flow\">\n<p class=\"pin_\">Unser Standort<br> ul. Bruzdowa 19a, 02-994 Warszawa<\/p>\n<\/div>\n<\/div>\n<\/div>\n<\/div>\n\n\n\n<div class=\"wp-block-columns is-layout-flex wp-container-core-columns-is-layout-d0b3c9c8 wp-block-columns-is-layout-flex\">\n<div class=\"wp-block-column is-layout-flow wp-block-column-is-layout-flow\">\n<p><strong>Glasboden<\/strong><\/p>\n\n\n\n<p>Die gl\u00e4sernen Fu\u00dfb\u00f6den werden als freitragende Konstruktionen oder Schirmkonstruktionen ausgef\u00fchrt.<\/p>\n\n\n\n<p>Die Fu\u00dfb\u00f6den als freitragende Konstruktionen werden an die \u00d6ffnungen in den Decken montiert. Der gl\u00e4serne Fu\u00dfboden wird dann an einer tragenden Hilfskonstruktion (Stahlbetonkranz oder Stahlrahmen) befestigt. Der gl\u00e4serne Fu\u00dfboden wird aus drei miteinander laminierten Schichten des geh\u00e4rteten Glases ausgef\u00fchrt. Es entsteht ein Paneel von hoher Festigkeit, auf dem man gehen oder sogar mit dem Auto fahren kann.<\/p>\n\n\n\n<p>Die gl\u00e4sernen Schirmfu\u00dfb\u00f6den werden als einzelne Fl\u00e4chen des geh\u00e4rteten Glases, das auf die schon vorhandenen z.B. h\u00f6lzernen Fu\u00dfb\u00f6den gelegt wird, ausgef\u00fchrt. Diese L\u00f6sung sch\u00fctzt den Originalfu\u00dfboden vor Zerst\u00f6rung und deckt ihn nicht zu.<\/p>\n<\/div>\n<\/div>\n\n\n\n<div class=\"wp-block-columns is-layout-flex wp-container-core-columns-is-layout-d0b3c9c8 wp-block-columns-is-layout-flex\">\n<div class=\"wp-block-column is-layout-flow wp-block-column-is-layout-flow\">\n<figure class=\"wp-block-gallery has-nested-images columns-default is-cropped wp-block-gallery-1 is-layout-flex wp-block-gallery-is-layout-flex\">\n<figure class=\"wp-block-image size-full\"><a href=\"https:\/\/beluglass.pl\/wp-content\/uploads\/2024\/12\/DSC00642-640x480-1.jpg\" data-lbwps-width=\"640\" data-lbwps-height=\"480\" data-lbwps-srcsmall=\"https:\/\/beluglass.pl\/wp-content\/uploads\/2024\/12\/DSC00642-640x480-1-300x225.jpg\"><img loading=\"lazy\" decoding=\"async\" width=\"640\" height=\"480\" data-id=\"2578\" src=\"https:\/\/beluglass.pl\/wp-content\/uploads\/2024\/12\/DSC00642-640x480-1.jpg\" alt=\"\" class=\"wp-image-2578\" srcset=\"https:\/\/beluglass.pl\/wp-content\/uploads\/2024\/12\/DSC00642-640x480-1.jpg 640w, https:\/\/beluglass.pl\/wp-content\/uploads\/2024\/12\/DSC00642-640x480-1-300x225.jpg 300w\" sizes=\"auto, (max-width: 640px) 100vw, 640px\" \/><\/a><\/figure>\n\n\n\n<figure class=\"wp-block-image size-full\"><a href=\"https:\/\/beluglass.pl\/wp-content\/uploads\/2024\/12\/DSC00725-640x480-1.jpg\" data-lbwps-width=\"640\" data-lbwps-height=\"480\" data-lbwps-srcsmall=\"https:\/\/beluglass.pl\/wp-content\/uploads\/2024\/12\/DSC00725-640x480-1-300x225.jpg\"><img loading=\"lazy\" decoding=\"async\" width=\"640\" height=\"480\" data-id=\"2581\" src=\"https:\/\/beluglass.pl\/wp-content\/uploads\/2024\/12\/DSC00725-640x480-1.jpg\" alt=\"\" class=\"wp-image-2581\" srcset=\"https:\/\/beluglass.pl\/wp-content\/uploads\/2024\/12\/DSC00725-640x480-1.jpg 640w, https:\/\/beluglass.pl\/wp-content\/uploads\/2024\/12\/DSC00725-640x480-1-300x225.jpg 300w\" sizes=\"auto, (max-width: 640px) 100vw, 640px\" \/><\/a><\/figure>\n<\/figure>\n\n\n\n<p class=\"has-text-align-center\" style=\"font-size:clamp(14.642px, 0.915rem + ((1vw - 3.2px) * 0.575), 22px);\"><em>Wir fertigen Glasb\u00f6den in Warschau, unser T\u00e4tigkeitsgebiet erstreckt sich \u00fcber ganz Polen.<\/em><\/p>\n<\/div>\n<\/div>\n\n\n\n<h2 class=\"wp-block-heading\"><\/h2>\n\n\n\n<div class=\"wp-block-columns gr_bkg is-layout-flex wp-container-core-columns-is-layout-782bd0bd wp-block-columns-is-layout-flex\" style=\"padding-top:30px;padding-right:3%;padding-bottom:30px;padding-left:3%\">\n<div class=\"wp-block-column is-layout-flow wp-block-column-is-layout-flow\">\n<div class=\"wp-block-columns is-layout-flex wp-container-core-columns-is-layout-d0b3c9c8 wp-block-columns-is-layout-flex\">\n<div class=\"wp-block-column is-layout-flow wp-block-column-is-layout-flow\">\n<p class=\"tel_\">Preise und Fragen <br><a href=\"tel:48222450080\">+48 22 245 00 80<\/a><\/p>\n<\/div>\n\n\n\n<div class=\"wp-block-column is-layout-flow wp-block-column-is-layout-flow\">\n<p class=\"mail_\">Schreiben Sie uns<br> <a href=\"mailto:biuro@beluglass.pl\">biuro@beluglass.pl<\/a><\/p>\n<\/div>\n\n\n\n<div class=\"wp-block-column is-layout-flow wp-block-column-is-layout-flow\">\n<p class=\"pin_\">Unser Standort<br> ul. Bruzdowa 19a, 02-994 Warszawa<\/p>\n<\/div>\n<\/div>\n<\/div>\n<\/div>\n\n\n\n<div class=\"wp-block-columns is-layout-flex wp-container-core-columns-is-layout-d0b3c9c8 wp-block-columns-is-layout-flex\">\n<div class=\"wp-block-column is-layout-flow wp-block-column-is-layout-flow\">\n<h2 class=\"wp-block-heading has-text-align-center has-palette-color-1-color has-text-color has-link-color wp-elements-613bae00284b3e5379496e100193d648\" style=\"font-size:clamp(14.642px, 0.915rem + ((1vw - 3.2px) * 0.575), 22px);\">Glasbodengalerie:<\/h2>\n\n\n\n<figure class=\"wp-block-gallery has-nested-images columns-4 is-cropped tw-img-ratio-1-1 wp-block-gallery-2 is-layout-flex wp-block-gallery-is-layout-flex\">\n<figure class=\"wp-block-image size-full\"><img loading=\"lazy\" decoding=\"async\" width=\"480\" height=\"640\" data-id=\"2585\" src=\"https:\/\/beluglass.pl\/wp-content\/uploads\/2024\/12\/podlogi_szklane_1-480x640-1.jpg\" alt=\"\" class=\"wp-image-2585\" srcset=\"https:\/\/beluglass.pl\/wp-content\/uploads\/2024\/12\/podlogi_szklane_1-480x640-1.jpg 480w, https:\/\/beluglass.pl\/wp-content\/uploads\/2024\/12\/podlogi_szklane_1-480x640-1-225x300.jpg 225w\" sizes=\"auto, (max-width: 480px) 100vw, 480px\" \/><\/figure>\n\n\n\n<figure class=\"wp-block-image size-full\"><img loading=\"lazy\" decoding=\"async\" width=\"480\" height=\"640\" data-id=\"2588\" src=\"https:\/\/beluglass.pl\/wp-content\/uploads\/2024\/12\/podlogi_szklane_2-480x640-1.jpg\" alt=\"\" class=\"wp-image-2588\" srcset=\"https:\/\/beluglass.pl\/wp-content\/uploads\/2024\/12\/podlogi_szklane_2-480x640-1.jpg 480w, https:\/\/beluglass.pl\/wp-content\/uploads\/2024\/12\/podlogi_szklane_2-480x640-1-225x300.jpg 225w\" sizes=\"auto, (max-width: 480px) 100vw, 480px\" \/><\/figure>\n\n\n\n<figure class=\"wp-block-image size-full\"><img loading=\"lazy\" decoding=\"async\" width=\"640\" height=\"480\" data-id=\"2590\" src=\"https:\/\/beluglass.pl\/wp-content\/uploads\/2024\/12\/podlogi_szklane_3-640x480-1.jpg\" alt=\"\" class=\"wp-image-2590\" srcset=\"https:\/\/beluglass.pl\/wp-content\/uploads\/2024\/12\/podlogi_szklane_3-640x480-1.jpg 640w, https:\/\/beluglass.pl\/wp-content\/uploads\/2024\/12\/podlogi_szklane_3-640x480-1-300x225.jpg 300w\" sizes=\"auto, (max-width: 640px) 100vw, 640px\" \/><\/figure>\n\n\n\n<figure class=\"wp-block-image size-full\"><img loading=\"lazy\" decoding=\"async\" width=\"640\" height=\"477\" data-id=\"2598\" src=\"https:\/\/beluglass.pl\/wp-content\/uploads\/2024\/12\/podlogi_szklane_4-640x477-1.jpg\" alt=\"\" class=\"wp-image-2598\" srcset=\"https:\/\/beluglass.pl\/wp-content\/uploads\/2024\/12\/podlogi_szklane_4-640x477-1.jpg 640w, https:\/\/beluglass.pl\/wp-content\/uploads\/2024\/12\/podlogi_szklane_4-640x477-1-300x224.jpg 300w\" sizes=\"auto, (max-width: 640px) 100vw, 640px\" \/><\/figure>\n\n\n\n<figure class=\"wp-block-image size-full\"><img loading=\"lazy\" decoding=\"async\" width=\"478\" height=\"640\" data-id=\"2605\" src=\"https:\/\/beluglass.pl\/wp-content\/uploads\/2024\/12\/podlogi_szklane_5-478x640-1.jpg\" alt=\"\" class=\"wp-image-2605\" srcset=\"https:\/\/beluglass.pl\/wp-content\/uploads\/2024\/12\/podlogi_szklane_5-478x640-1.jpg 478w, https:\/\/beluglass.pl\/wp-content\/uploads\/2024\/12\/podlogi_szklane_5-478x640-1-224x300.jpg 224w\" sizes=\"auto, (max-width: 478px) 100vw, 478px\" \/><\/figure>\n\n\n\n<figure class=\"wp-block-image size-full\"><img loading=\"lazy\" decoding=\"async\" width=\"640\" height=\"477\" data-id=\"2599\" src=\"https:\/\/beluglass.pl\/wp-content\/uploads\/2024\/12\/podlogi_szklane_6-640x477-1.jpg\" alt=\"\" class=\"wp-image-2599\" srcset=\"https:\/\/beluglass.pl\/wp-content\/uploads\/2024\/12\/podlogi_szklane_6-640x477-1.jpg 640w, https:\/\/beluglass.pl\/wp-content\/uploads\/2024\/12\/podlogi_szklane_6-640x477-1-300x224.jpg 300w\" sizes=\"auto, (max-width: 640px) 100vw, 640px\" \/><\/figure>\n\n\n\n<figure class=\"wp-block-image size-full\"><img loading=\"lazy\" decoding=\"async\" width=\"640\" height=\"248\" data-id=\"2592\" src=\"https:\/\/beluglass.pl\/wp-content\/uploads\/2024\/12\/podlogi_szklane_7-640x248-1.jpg\" alt=\"\" class=\"wp-image-2592\" srcset=\"https:\/\/beluglass.pl\/wp-content\/uploads\/2024\/12\/podlogi_szklane_7-640x248-1.jpg 640w, https:\/\/beluglass.pl\/wp-content\/uploads\/2024\/12\/podlogi_szklane_7-640x248-1-300x116.jpg 300w\" sizes=\"auto, (max-width: 640px) 100vw, 640px\" \/><\/figure>\n\n\n\n<figure class=\"wp-block-image size-full\"><img loading=\"lazy\" decoding=\"async\" width=\"640\" height=\"480\" data-id=\"2596\" src=\"https:\/\/beluglass.pl\/wp-content\/uploads\/2024\/12\/DSC00725-640x480-2.jpg\" alt=\"\" class=\"wp-image-2596\" srcset=\"https:\/\/beluglass.pl\/wp-content\/uploads\/2024\/12\/DSC00725-640x480-2.jpg 640w, https:\/\/beluglass.pl\/wp-content\/uploads\/2024\/12\/DSC00725-640x480-2-300x225.jpg 300w\" sizes=\"auto, (max-width: 640px) 100vw, 640px\" \/><\/figure>\n<\/figure>\n<\/div>\n<\/div>\n","protected":false},"excerpt":{"rendered":"<p>Glasboden Glasboden Die gl\u00e4sernen Fu\u00dfb\u00f6den werden als freitragende Konstruktionen oder Schirmkonstruktionen ausgef\u00fchrt. Die Fu\u00dfb\u00f6den als freitragende Konstruktionen werden an die \u00d6ffnungen in den Decken montiert. Der gl\u00e4serne Fu\u00dfboden wird dann an einer tragenden Hilfskonstruktion (Stahlbetonkranz oder Stahlrahmen) befestigt. Der gl\u00e4serne Fu\u00dfboden wird aus drei miteinander laminierten Schichten des geh\u00e4rteten Glases ausgef\u00fchrt. Es entsteht ein Paneel [&hellip;]<\/p>\n","protected":false},"author":1,"featured_media":0,"parent":0,"menu_order":0,"comment_status":"closed","ping_status":"closed","template":"","meta":{"footnotes":""},"class_list":["post-1651","page","type-page","status-publish","hentry"],"blocksy_meta":[],"_links":{"self":[{"href":"https:\/\/beluglass.pl\/de\/wp-json\/wp\/v2\/pages\/1651","targetHints":{"allow":["GET"]}}],"collection":[{"href":"https:\/\/beluglass.pl\/de\/wp-json\/wp\/v2\/pages"}],"about":[{"href":"https:\/\/beluglass.pl\/de\/wp-json\/wp\/v2\/types\/page"}],"author":[{"embeddable":true,"href":"https:\/\/beluglass.pl\/de\/wp-json\/wp\/v2\/users\/1"}],"replies":[{"embeddable":true,"href":"https:\/\/beluglass.pl\/de\/wp-json\/wp\/v2\/comments?post=1651"}],"version-history":[{"count":5,"href":"https:\/\/beluglass.pl\/de\/wp-json\/wp\/v2\/pages\/1651\/revisions"}],"predecessor-version":[{"id":3416,"href":"https:\/\/beluglass.pl\/de\/wp-json\/wp\/v2\/pages\/1651\/revisions\/3416"}],"wp:attachment":[{"href":"https:\/\/beluglass.pl\/de\/wp-json\/wp\/v2\/media?parent=1651"}],"curies":[{"name":"wp","href":"https:\/\/api.w.org\/{rel}","templated":true}]}}