{"id":1642,"date":"2024-11-29T13:58:18","date_gmt":"2024-11-29T12:58:18","guid":{"rendered":"https:\/\/beluglass.pl\/o-firmie\/"},"modified":"2024-12-03T18:10:17","modified_gmt":"2024-12-03T17:10:17","slug":"about-company","status":"publish","type":"page","link":"https:\/\/beluglass.pl\/en\/about-company\/","title":{"rendered":"About Company"},"content":{"rendered":"\n<div class=\"wp-block-columns alignfull has-palette-color-3-background-color has-background is-layout-flex wp-container-core-columns-is-layout-152160c9 wp-block-columns-is-layout-flex\" style=\"padding-top:30px;padding-right:30px;padding-bottom:30px;padding-left:30px\">\n<div class=\"wp-block-column is-layout-flow wp-block-column-is-layout-flow\">\n<h1 class=\"wp-block-heading has-text-align-center\">O nas<\/h1>\n<\/div>\n<\/div>\n\n\n\n<div class=\"wp-block-columns is-layout-flex wp-container-core-columns-is-layout-d0b3c9c8 wp-block-columns-is-layout-flex\">\n<div class=\"wp-block-column is-layout-flow wp-block-column-is-layout-flow\">\n<figure class=\"wp-block-image aligncenter size-full is-resized\"><img decoding=\"async\" src=\"https:\/\/beluglass.pl\/wp-content\/uploads\/2024\/11\/logo-bg.svg\" alt=\"\" class=\"wp-image-5\" style=\"width:250px\"\/><\/figure>\n<\/div>\n<\/div>\n\n\n\n<div class=\"wp-block-columns is-layout-flex wp-container-core-columns-is-layout-d0b3c9c8 wp-block-columns-is-layout-flex\">\n<div class=\"wp-block-column is-layout-flow wp-block-column-is-layout-flow\">\n<p><em>Firma BELUGLASS specjalizuje si\u0119 w produkcji i monta\u017cu element\u00f3w szklanych dla szeroko rozumianej bran\u017cy budowlanej ze szczeg\u00f3lnym uwzgl\u0119dnieniem element\u00f3w wyposa\u017cenia wn\u0119trz.<\/em><br><em><br>Wykonujemy realizacje dla klient\u00f3w indywidualnych i instytucjonalnych.<\/em><\/p>\n<\/div>\n\n\n\n<div class=\"wp-block-column is-layout-flow wp-block-column-is-layout-flow\">\n<p><em>Przy realizacji inwestycji wsp\u00f3\u0142pracujemy z architektami, biurami projektowymi oraz podwykonawcami r\u00f3\u017cnych bran\u017c.<br><br>Realizujemy niekonwencjonalne i skomplikowane projekty tworz\u0105c indywidualne i niepowtarzalne rozwi\u0105zania dla naszych klient\u00f3w.<\/em><\/p>\n<\/div>\n<\/div>\n\n\n\r\n<div class=\"wp-block-columns gr_bkg is-layout-flex wp-container-core-columns-is-layout-782bd0bd wp-block-columns-is-layout-flex\" style=\"padding-top:30px;padding-right:3%;padding-bottom:30px;padding-left:3%\">\r\n<div class=\"wp-block-column is-layout-flow wp-block-column-is-layout-flow\">\r\n<div class=\"wp-block-columns is-layout-flex wp-container-core-columns-is-layout-d0b3c9c8 wp-block-columns-is-layout-flex\">\r\n<div class=\"wp-block-column is-layout-flow wp-block-column-is-layout-flow\">\r\n<p class=\"tel_\"><span>Pricing and Questions<\/span><br><a href=\"tel:48222450080\">+48 22 245 00 80<\/a><\/p>\r\n<\/div>\r\n\r\n\r\n\r\n<div class=\"wp-block-column is-layout-flow wp-block-column-is-layout-flow\">\r\n<p class=\"mail_\"><span>Write to us<\/span><br><a href=\"mailto:biuro@beluglass.pl\">biuro@beluglass.pl<\/a><\/p>\r\n<\/div>\r\n\r\n\r\n\r\n<div class=\"wp-block-column is-layout-flow wp-block-column-is-layout-flow\">\r\n<p class=\"pin_\"><span>Our localization<\/span><br>ul. Bruzdowa 19a, 02-994 Warszawa<\/p>\r\n<\/div>\r\n<\/div>\r\n<\/div>\r\n<\/div>\r\n","protected":false},"excerpt":{"rendered":"<p>O nas Firma BELUGLASS specjalizuje si\u0119 w produkcji i monta\u017cu element\u00f3w szklanych dla szeroko rozumianej bran\u017cy budowlanej ze szczeg\u00f3lnym uwzgl\u0119dnieniem element\u00f3w wyposa\u017cenia wn\u0119trz.Wykonujemy realizacje dla klient\u00f3w indywidualnych i instytucjonalnych. Przy realizacji inwestycji wsp\u00f3\u0142pracujemy z architektami, biurami projektowymi oraz podwykonawcami r\u00f3\u017cnych bran\u017c. Realizujemy niekonwencjonalne i skomplikowane projekty tworz\u0105c indywidualne i niepowtarzalne rozwi\u0105zania dla naszych klient\u00f3w.<\/p>\n","protected":false},"author":1,"featured_media":0,"parent":0,"menu_order":0,"comment_status":"closed","ping_status":"closed","template":"","meta":{"footnotes":""},"class_list":["post-1642","page","type-page","status-publish","hentry"],"blocksy_meta":[],"_links":{"self":[{"href":"https:\/\/beluglass.pl\/en\/wp-json\/wp\/v2\/pages\/1642","targetHints":{"allow":["GET"]}}],"collection":[{"href":"https:\/\/beluglass.pl\/en\/wp-json\/wp\/v2\/pages"}],"about":[{"href":"https:\/\/beluglass.pl\/en\/wp-json\/wp\/v2\/types\/page"}],"author":[{"embeddable":true,"href":"https:\/\/beluglass.pl\/en\/wp-json\/wp\/v2\/users\/1"}],"replies":[{"embeddable":true,"href":"https:\/\/beluglass.pl\/en\/wp-json\/wp\/v2\/comments?post=1642"}],"version-history":[{"count":1,"href":"https:\/\/beluglass.pl\/en\/wp-json\/wp\/v2\/pages\/1642\/revisions"}],"predecessor-version":[{"id":1670,"href":"https:\/\/beluglass.pl\/en\/wp-json\/wp\/v2\/pages\/1642\/revisions\/1670"}],"wp:attachment":[{"href":"https:\/\/beluglass.pl\/en\/wp-json\/wp\/v2\/media?parent=1642"}],"curies":[{"name":"wp","href":"https:\/\/api.w.org\/{rel}","templated":true}]}}